{"id":1255,"date":"2024-05-12T10:03:08","date_gmt":"2024-05-12T09:03:08","guid":{"rendered":"https:\/\/kangshengstone.com\/?post_type=product&#038;p=1255"},"modified":"2025-09-16T11:35:45","modified_gmt":"2025-09-16T10:35:45","slug":"culture-stone-ks-13","status":"publish","type":"product","link":"https:\/\/kangshengstone.com\/es\/producto\/piedra-de-cultura-ks-13\/","title":{"rendered":"PIEDRA DE CULTIVO KS-13"},"content":{"rendered":"<p><strong>PIZARRA DE PARED CULTURAL: PIEDRA CULTURAL KS-13<\/strong><\/p>\n<p>&nbsp;<\/p>\n<p>El panel de pizarra Culture Wall es un material muy popular, no solo por su durabilidad, sino tambi\u00e9n por su belleza natural que reside en tonos vibrantes e impredecibles. Es perfecto para dise\u00f1os de paisajes residenciales, construcciones de viviendas y proyectos de edificios comerciales. Presenta una mezcla texturizada de suaves tonos amarillos y grises. La textura dividida de la forma libre muestra un efecto abultado pronunciado.<\/p>","protected":false},"excerpt":{"rendered":"<p>PIZARRA DE PARED CULTURAL: PIEDRA CULTURAL KS-13 El panel de pizarra de pared cultural es un material muy popular, no solo por su durabilidad, sino tambi\u00e9n por su belleza natural que reside en tonos vibrantes e impredecibles. Es perfecto para dise\u00f1os de paisajes residenciales, construcciones de viviendas y proyectos de construcci\u00f3n comercial. Presenta una mezcla texturizada de amarillo suave y gris [\u2026]<\/p>","protected":false},"featured_media":1250,"comment_status":"open","ping_status":"closed","template":"","meta":{"_uag_custom_page_level_css":"","site-sidebar-layout":"default","site-content-layout":"","ast-site-content-layout":"default","site-content-style":"default","site-sidebar-style":"default","ast-global-header-display":"","ast-banner-title-visibility":"","ast-main-header-display":"","ast-hfb-above-header-display":"","ast-hfb-below-header-display":"","ast-hfb-mobile-header-display":"","site-post-title":"","ast-breadcrumbs-content":"","ast-featured-img":"","footer-sml-layout":"","ast-disable-related-posts":"","theme-transparent-header-meta":"default","adv-header-id-meta":"","stick-header-meta":"default","header-above-stick-meta":"","header-main-stick-meta":"","header-below-stick-meta":"","astra-migrate-meta-layouts":"set","ast-page-background-enabled":"default","ast-page-background-meta":{"desktop":{"background-color":"var(--ast-global-color-5)","background-image":"","background-repeat":"repeat","background-position":"center center","background-size":"auto","background-attachment":"scroll","background-type":"","background-media":"","overlay-type":"","overlay-color":"","overlay-opacity":"","overlay-gradient":""},"tablet":{"background-color":"","background-image":"","background-repeat":"repeat","background-position":"center center","background-size":"auto","background-attachment":"scroll","background-type":"","background-media":"","overlay-type":"","overlay-color":"","overlay-opacity":"","overlay-gradient":""},"mobile":{"background-color":"","background-image":"","background-repeat":"repeat","background-position":"center center","background-size":"auto","background-attachment":"scroll","background-type":"","background-media":"","overlay-type":"","overlay-color":"","overlay-opacity":"","overlay-gradient":""}},"ast-content-background-meta":{"desktop":{"background-color":"var(--ast-global-color-4)","background-image":"","background-repeat":"repeat","background-position":"center center","background-size":"auto","background-attachment":"scroll","background-type":"","background-media":"","overlay-type":"","overlay-color":"","overlay-opacity":"","overlay-gradient":""},"tablet":{"background-color":"var(--ast-global-color-4)","background-image":"","background-repeat":"repeat","background-position":"center center","background-size":"auto","background-attachment":"scroll","background-type":"","background-media":"","overlay-type":"","overlay-color":"","overlay-opacity":"","overlay-gradient":""},"mobile":{"background-color":"var(--ast-global-color-4)","background-image":"","background-repeat":"repeat","background-position":"center center","background-size":"auto","background-attachment":"scroll","background-type":"","background-media":"","overlay-type":"","overlay-color":"","overlay-opacity":"","overlay-gradient":""}}},"product_brand":[],"product_cat":[20],"product_tag":[],"class_list":{"0":"post-1255","1":"product","2":"type-product","3":"status-publish","4":"has-post-thumbnail","6":"product_cat-culture-stone","7":"pa_color-grey","8":"pa_dimensions-600x150mm","9":"pa_finish-split","10":"pa_recommend-use-wall-decor","11":"pa_thickness-10-15mm","12":"desktop-align-left","13":"tablet-align-left","14":"mobile-align-left","15":"ast-product-gallery-layout-horizontal-slider","16":"ast-product-gallery-with-no-image","17":"ast-product-tabs-layout-horizontal","19":"first","20":"instock","21":"shipping-taxable","22":"purchasable","23":"product-type-simple"},"spectra_custom_meta":{"_regular_price":["1"],"total_sales":["0"],"_tax_status":["taxable"],"_tax_class":[""],"_manage_stock":["no"],"_backorders":["no"],"_sold_individually":["no"],"_virtual":["no"],"_downloadable":["no"],"_download_limit":["-1"],"_download_expiry":["-1"],"_thumbnail_id":["1250"],"_stock":[null],"_stock_status":["instock"],"_wc_average_rating":["0"],"_wc_review_count":["0"],"_product_attributes":["a:5:{s:8:\"pa_color\";a:6:{s:4:\"name\";s:8:\"pa_color\";s:5:\"value\";s:0:\"\";s:8:\"position\";i:0;s:10:\"is_visible\";i:1;s:12:\"is_variation\";i:0;s:11:\"is_taxonomy\";i:1;}s:9:\"pa_finish\";a:6:{s:4:\"name\";s:9:\"pa_finish\";s:5:\"value\";s:0:\"\";s:8:\"position\";i:1;s:10:\"is_visible\";i:1;s:12:\"is_variation\";i:0;s:11:\"is_taxonomy\";i:1;}s:13:\"pa_dimensions\";a:6:{s:4:\"name\";s:13:\"pa_dimensions\";s:5:\"value\";s:0:\"\";s:8:\"position\";i:2;s:10:\"is_visible\";i:1;s:12:\"is_variation\";i:0;s:11:\"is_taxonomy\";i:1;}s:12:\"pa_thickness\";a:6:{s:4:\"name\";s:12:\"pa_thickness\";s:5:\"value\";s:0:\"\";s:8:\"position\";i:3;s:10:\"is_visible\";i:1;s:12:\"is_variation\";i:0;s:11:\"is_taxonomy\";i:1;}s:16:\"pa_recommend-use\";a:6:{s:4:\"name\";s:16:\"pa_recommend-use\";s:5:\"value\";s:0:\"\";s:8:\"position\";i:4;s:10:\"is_visible\";i:1;s:12:\"is_variation\";i:0;s:11:\"is_taxonomy\";i:1;}}"],"_product_version":["9.7.1"],"_price":["1"],"_wpml_media_duplicate":["1"],"_wpml_media_featured":["1"],"site-sidebar-layout":["default"],"ast-site-content-layout":["default"],"site-content-style":["default"],"site-sidebar-style":["default"],"theme-transparent-header-meta":["default"],"stick-header-meta":["default"],"_edit_lock":["1715504555:2"],"_edit_last":["2"],"astra-migrate-meta-layouts":["set"],"rank_math_internal_links_processed":["1"],"_trp_automatically_translated_slug_ar":["\u062d\u062c\u0631-\u0627\u0644\u062b\u0642\u0627\u0641\u0629-ks-13"],"_trp_automatically_translated_slug_es_ES":["piedra-de-cultura-ks-13"],"_uag_css_file_name":["uag-css-1255.css"]},"uagb_featured_image_src":{"full":["https:\/\/kangshengstone.com\/wp-content\/uploads\/2024\/05\/CULTURE-STONE-KS-13.jpg",1440,1080,false],"thumbnail":["https:\/\/kangshengstone.com\/wp-content\/uploads\/2024\/05\/CULTURE-STONE-KS-13-280x280.jpg",280,280,true],"medium":["https:\/\/kangshengstone.com\/wp-content\/uploads\/2024\/05\/CULTURE-STONE-KS-13-533x400.jpg",533,400,true],"medium_large":["https:\/\/kangshengstone.com\/wp-content\/uploads\/2024\/05\/CULTURE-STONE-KS-13-768x576.jpg",768,576,true],"large":["https:\/\/kangshengstone.com\/wp-content\/uploads\/2024\/05\/CULTURE-STONE-KS-13-1067x800.jpg",1067,800,true],"1536x1536":["https:\/\/kangshengstone.com\/wp-content\/uploads\/2024\/05\/CULTURE-STONE-KS-13.jpg",1440,1080,false],"2048x2048":["https:\/\/kangshengstone.com\/wp-content\/uploads\/2024\/05\/CULTURE-STONE-KS-13.jpg",1440,1080,false],"trp-custom-language-flag":["https:\/\/kangshengstone.com\/wp-content\/uploads\/2024\/05\/CULTURE-STONE-KS-13-16x12.jpg",16,12,true],"woocommerce_thumbnail":["https:\/\/kangshengstone.com\/wp-content\/uploads\/2024\/05\/CULTURE-STONE-KS-13-350x350.jpg",350,350,true],"woocommerce_single":["https:\/\/kangshengstone.com\/wp-content\/uploads\/2024\/05\/CULTURE-STONE-KS-13-800x600.jpg",800,600,true],"woocommerce_gallery_thumbnail":["https:\/\/kangshengstone.com\/wp-content\/uploads\/2024\/05\/CULTURE-STONE-KS-13-100x100.jpg",100,100,true]},"uagb_author_info":{"display_name":"Alex","author_link":"https:\/\/kangshengstone.com\/es\/author\/"},"uagb_comment_info":1,"uagb_excerpt":"CULTURE WALL SLATE: CULTURE STONE KS-13 &nbsp; Culture Wall Slate Panel is a very popular material, not only for durability, but also for its natural beauty that lies in vibrating and unpredictable shades.It is perfect for residential landscape designs, home builds and commercial building projects. It presents a textured mix of soft yellow and grey&hellip;","_links":{"self":[{"href":"https:\/\/kangshengstone.com\/es\/wp-json\/wp\/v2\/product\/1255"}],"collection":[{"href":"https:\/\/kangshengstone.com\/es\/wp-json\/wp\/v2\/product"}],"about":[{"href":"https:\/\/kangshengstone.com\/es\/wp-json\/wp\/v2\/types\/product"}],"replies":[{"embeddable":true,"href":"https:\/\/kangshengstone.com\/es\/wp-json\/wp\/v2\/comments?post=1255"}],"wp:featuredmedia":[{"embeddable":true,"href":"https:\/\/kangshengstone.com\/es\/wp-json\/wp\/v2\/media\/1250"}],"wp:attachment":[{"href":"https:\/\/kangshengstone.com\/es\/wp-json\/wp\/v2\/media?parent=1255"}],"wp:term":[{"taxonomy":"product_brand","embeddable":true,"href":"https:\/\/kangshengstone.com\/es\/wp-json\/wp\/v2\/product_brand?post=1255"},{"taxonomy":"product_cat","embeddable":true,"href":"https:\/\/kangshengstone.com\/es\/wp-json\/wp\/v2\/product_cat?post=1255"},{"taxonomy":"product_tag","embeddable":true,"href":"https:\/\/kangshengstone.com\/es\/wp-json\/wp\/v2\/product_tag?post=1255"}],"curies":[{"name":"wp","href":"https:\/\/api.w.org\/{rel}","templated":true}]}}