{"id":1416,"date":"2024-07-16T12:37:48","date_gmt":"2024-07-16T11:37:48","guid":{"rendered":"https:\/\/kangshengstone.com\/?post_type=product&#038;p=1416"},"modified":"2024-07-16T13:01:26","modified_gmt":"2024-07-16T12:01:26","slug":"artifical-stone-ks-35","status":"publish","type":"product","link":"https:\/\/kangshengstone.com\/es\/producto\/artifical-stone-ks-35\/","title":{"rendered":"Piedra artificial KS-35"},"content":{"rendered":"<p><strong>MATERIAL CALIENTE:\u00a0<\/strong><strong>Piedra artificial<\/strong><\/p>\n<p>KangSheng Stone es uno de los principales fabricantes en China. Tenemos nuestra propia f\u00e1brica. El equipo y la maquinaria son investigaci\u00f3n y desarrollo independientes. Con muchas l\u00edneas de producci\u00f3n. Se aceptan OEM y ODM. ARTIFICAL STONE es nuestro producto m\u00e1s vendido con precio competitivo y La mejor calidad. Vendemos a Medio Oriente, como Dubai, Om\u00e1n, Arabia Saudita, etc.<\/p>","protected":false},"excerpt":{"rendered":"<p>KangSheng Stone es uno de los principales fabricantes en China. Tenemos nuestra propia f\u00e1brica. El equipo y la maquinaria son investigaci\u00f3n y desarrollo independientes. Con muchas l\u00edneas de producci\u00f3n. Se aceptan OEM y ODM. ARTIFICAL STONE es nuestro producto m\u00e1s vendido con precio competitivo y mejor calidad. Vendemos a Medio Oriente, como Dubai, Om\u00e1n, Arabia Saudita, etc.<\/p>","protected":false},"featured_media":1477,"comment_status":"open","ping_status":"closed","template":"","meta":{"_uag_custom_page_level_css":"","site-sidebar-layout":"default","site-content-layout":"","ast-site-content-layout":"default","site-content-style":"default","site-sidebar-style":"default","ast-global-header-display":"","ast-banner-title-visibility":"","ast-main-header-display":"","ast-hfb-above-header-display":"","ast-hfb-below-header-display":"","ast-hfb-mobile-header-display":"","site-post-title":"","ast-breadcrumbs-content":"","ast-featured-img":"","footer-sml-layout":"","ast-disable-related-posts":"","theme-transparent-header-meta":"default","adv-header-id-meta":"","stick-header-meta":"default","header-above-stick-meta":"","header-main-stick-meta":"","header-below-stick-meta":"","astra-migrate-meta-layouts":"set","ast-page-background-enabled":"default","ast-page-background-meta":{"desktop":{"background-color":"var(--ast-global-color-5)","background-image":"","background-repeat":"repeat","background-position":"center center","background-size":"auto","background-attachment":"scroll","background-type":"","background-media":"","overlay-type":"","overlay-color":"","overlay-opacity":"","overlay-gradient":""},"tablet":{"background-color":"","background-image":"","background-repeat":"repeat","background-position":"center center","background-size":"auto","background-attachment":"scroll","background-type":"","background-media":"","overlay-type":"","overlay-color":"","overlay-opacity":"","overlay-gradient":""},"mobile":{"background-color":"","background-image":"","background-repeat":"repeat","background-position":"center center","background-size":"auto","background-attachment":"scroll","background-type":"","background-media":"","overlay-type":"","overlay-color":"","overlay-opacity":"","overlay-gradient":""}},"ast-content-background-meta":{"desktop":{"background-color":"var(--ast-global-color-4)","background-image":"","background-repeat":"repeat","background-position":"center center","background-size":"auto","background-attachment":"scroll","background-type":"","background-media":"","overlay-type":"","overlay-color":"","overlay-opacity":"","overlay-gradient":""},"tablet":{"background-color":"var(--ast-global-color-4)","background-image":"","background-repeat":"repeat","background-position":"center center","background-size":"auto","background-attachment":"scroll","background-type":"","background-media":"","overlay-type":"","overlay-color":"","overlay-opacity":"","overlay-gradient":""},"mobile":{"background-color":"var(--ast-global-color-4)","background-image":"","background-repeat":"repeat","background-position":"center center","background-size":"auto","background-attachment":"scroll","background-type":"","background-media":"","overlay-type":"","overlay-color":"","overlay-opacity":"","overlay-gradient":""}}},"product_brand":[],"product_cat":[36],"product_tag":[],"class_list":{"0":"post-1416","1":"product","2":"type-product","3":"status-publish","4":"has-post-thumbnail","6":"product_cat-artifical-stone","7":"pa_color-beige","8":"pa_color-black","9":"pa_color-brown","10":"pa_color-grey","11":"pa_color-multi-color","12":"pa_color-rustic","13":"pa_color-white","14":"pa_color-white-veins","15":"pa_dimensions-2500upx1600up-mm","16":"pa_finish-polished","17":"pa_recommend-use-interior","18":"pa_thickness-18mm","19":"pa_thickness-20mm","20":"desktop-align-left","21":"tablet-align-left","22":"mobile-align-left","23":"ast-product-gallery-layout-horizontal-slider","24":"ast-product-tabs-layout-horizontal","26":"first","27":"instock","28":"shipping-taxable","29":"purchasable","30":"product-type-simple"},"spectra_custom_meta":{"rank_math_internal_links_processed":["1","1"],"_regular_price":["1"],"total_sales":["0"],"_tax_status":["taxable"],"_tax_class":[""],"_manage_stock":["no"],"_backorders":["no"],"_sold_individually":["no"],"_virtual":["no"],"_downloadable":["no"],"_product_image_gallery":["315,316"],"_download_limit":["-1"],"_download_expiry":["-1"],"_thumbnail_id":["1477"],"_stock":[null],"_stock_status":["instock"],"_wc_average_rating":["0"],"_wc_review_count":["0"],"_product_attributes":["a:5:{s:8:\"pa_color\";a:6:{s:4:\"name\";s:8:\"pa_color\";s:5:\"value\";s:0:\"\";s:8:\"position\";i:0;s:10:\"is_visible\";i:1;s:12:\"is_variation\";i:0;s:11:\"is_taxonomy\";i:1;}s:9:\"pa_finish\";a:6:{s:4:\"name\";s:9:\"pa_finish\";s:5:\"value\";s:0:\"\";s:8:\"position\";i:1;s:10:\"is_visible\";i:1;s:12:\"is_variation\";i:0;s:11:\"is_taxonomy\";i:1;}s:13:\"pa_dimensions\";a:6:{s:4:\"name\";s:13:\"pa_dimensions\";s:5:\"value\";s:0:\"\";s:8:\"position\";i:2;s:10:\"is_visible\";i:1;s:12:\"is_variation\";i:0;s:11:\"is_taxonomy\";i:1;}s:12:\"pa_thickness\";a:6:{s:4:\"name\";s:12:\"pa_thickness\";s:5:\"value\";s:0:\"\";s:8:\"position\";i:3;s:10:\"is_visible\";i:1;s:12:\"is_variation\";i:0;s:11:\"is_taxonomy\";i:1;}s:16:\"pa_recommend-use\";a:6:{s:4:\"name\";s:16:\"pa_recommend-use\";s:5:\"value\";s:0:\"\";s:8:\"position\";i:4;s:10:\"is_visible\";i:1;s:12:\"is_variation\";i:0;s:11:\"is_taxonomy\";i:1;}}"],"_product_version":["9.1.2"],"_price":["1"],"_wpml_media_duplicate":["1"],"_wpml_media_featured":["1"],"site-sidebar-layout":["default"],"ast-site-content-layout":["default"],"site-content-style":["default"],"site-sidebar-style":["default"],"theme-transparent-header-meta":["default"],"stick-header-meta":["default"],"_edit_lock":["1721131340:2"],"_edit_last":["2"],"rank_math_contentai_score":["a:5:{s:8:\"keywords\";s:5:\"74.51\";s:9:\"wordCount\";s:1:\"0\";s:9:\"linkCount\";s:1:\"0\";s:12:\"headingCount\";s:1:\"0\";s:10:\"mediaCount\";s:1:\"0\";}"],"rank_math_seo_score":["15"],"rank_math_primary_product_cat":["0"],"astra-migrate-meta-layouts":["set"],"_uag_css_file_name":["uag-css-1416.css"]},"uagb_featured_image_src":{"full":["https:\/\/kangshengstone.com\/wp-content\/uploads\/2024\/07\/Artifical-Stone-KS-15-20.jpg",1080,1440,false],"thumbnail":["https:\/\/kangshengstone.com\/wp-content\/uploads\/2024\/07\/Artifical-Stone-KS-15-20-280x280.jpg",280,280,true],"medium":["https:\/\/kangshengstone.com\/wp-content\/uploads\/2024\/07\/Artifical-Stone-KS-15-20-300x400.jpg",300,400,true],"medium_large":["https:\/\/kangshengstone.com\/wp-content\/uploads\/2024\/07\/Artifical-Stone-KS-15-20-768x1024.jpg",768,1024,true],"large":["https:\/\/kangshengstone.com\/wp-content\/uploads\/2024\/07\/Artifical-Stone-KS-15-20-600x800.jpg",600,800,true],"1536x1536":["https:\/\/kangshengstone.com\/wp-content\/uploads\/2024\/07\/Artifical-Stone-KS-15-20.jpg",1080,1440,false],"2048x2048":["https:\/\/kangshengstone.com\/wp-content\/uploads\/2024\/07\/Artifical-Stone-KS-15-20.jpg",1080,1440,false],"trp-custom-language-flag":["https:\/\/kangshengstone.com\/wp-content\/uploads\/2024\/07\/Artifical-Stone-KS-15-20-9x12.jpg",9,12,true],"woocommerce_thumbnail":["https:\/\/kangshengstone.com\/wp-content\/uploads\/2024\/07\/Artifical-Stone-KS-15-20-350x350.jpg",350,350,true],"woocommerce_single":["https:\/\/kangshengstone.com\/wp-content\/uploads\/2024\/07\/Artifical-Stone-KS-15-20-800x1067.jpg",800,1067,true],"woocommerce_gallery_thumbnail":["https:\/\/kangshengstone.com\/wp-content\/uploads\/2024\/07\/Artifical-Stone-KS-15-20-100x100.jpg",100,100,true]},"uagb_author_info":{"display_name":"Alex","author_link":"https:\/\/kangshengstone.com\/es\/author\/"},"uagb_comment_info":0,"uagb_excerpt":"KangSheng Stone is one of top manufacture in China.We have our own factory.The equipment and machinery is independent research and development .With lots of production lines.OEM and ODM are accepted.ARTIFICAL STONE is our hot selling products with the competitive price and best quality. We sell to Mid east ,such as Dubai,Oman,Saudi Arabia and etc.","_links":{"self":[{"href":"https:\/\/kangshengstone.com\/es\/wp-json\/wp\/v2\/product\/1416"}],"collection":[{"href":"https:\/\/kangshengstone.com\/es\/wp-json\/wp\/v2\/product"}],"about":[{"href":"https:\/\/kangshengstone.com\/es\/wp-json\/wp\/v2\/types\/product"}],"replies":[{"embeddable":true,"href":"https:\/\/kangshengstone.com\/es\/wp-json\/wp\/v2\/comments?post=1416"}],"wp:featuredmedia":[{"embeddable":true,"href":"https:\/\/kangshengstone.com\/es\/wp-json\/wp\/v2\/media\/1477"}],"wp:attachment":[{"href":"https:\/\/kangshengstone.com\/es\/wp-json\/wp\/v2\/media?parent=1416"}],"wp:term":[{"taxonomy":"product_brand","embeddable":true,"href":"https:\/\/kangshengstone.com\/es\/wp-json\/wp\/v2\/product_brand?post=1416"},{"taxonomy":"product_cat","embeddable":true,"href":"https:\/\/kangshengstone.com\/es\/wp-json\/wp\/v2\/product_cat?post=1416"},{"taxonomy":"product_tag","embeddable":true,"href":"https:\/\/kangshengstone.com\/es\/wp-json\/wp\/v2\/product_tag?post=1416"}],"curies":[{"name":"wp","href":"https:\/\/api.w.org\/{rel}","templated":true}]}}